{"id":35,"date":"2024-12-18T12:33:04","date_gmt":"2024-12-18T15:33:04","guid":{"rendered":"https:\/\/pastoracristianesouza.com.br\/?page_id=35"},"modified":"2026-03-17T15:50:56","modified_gmt":"2026-03-17T18:50:56","slug":"livros","status":"publish","type":"page","link":"https:\/\/pastoracristianesouza.com.br\/?page_id=35","title":{"rendered":"Livros"},"content":{"rendered":"\t\t<div data-elementor-type=\"wp-page\" data-elementor-id=\"35\" class=\"elementor elementor-35\" data-elementor-post-type=\"page\">\n\t\t\t\t<div class=\"elementor-element elementor-element-d7f72e2 e-flex e-con-boxed wpr-particle-no wpr-jarallax-no wpr-parallax-no wpr-sticky-section-no e-con e-parent\" data-id=\"d7f72e2\" data-element_type=\"container\" data-settings=\"{&quot;animation&quot;:&quot;none&quot;,&quot;background_background&quot;:&quot;gradient&quot;}\">\n\t\t\t\t\t<div class=\"e-con-inner\">\n\t\t\t\t<div class=\"elementor-element elementor-element-9046b3d elementor-widget__width-inherit elementor-widget-tablet__width-inherit elementor-invisible elementor-widget elementor-widget-heading\" data-id=\"9046b3d\" data-element_type=\"widget\" data-settings=\"{&quot;_animation&quot;:&quot;fadeIn&quot;}\" data-widget_type=\"heading.default\">\n\t\t\t\t<div class=\"elementor-widget-container\">\n\t\t\t\t\t<h2 class=\"elementor-heading-title elementor-size-default\">Jornada de Sabedoria no Livro de Prov\u00e9rbios <\/h2>\t\t\t\t<\/div>\n\t\t\t\t<\/div>\n\t\t\t\t\t<\/div>\n\t\t\t\t<\/div>\n\t\t<div class=\"elementor-element elementor-element-7b7c58f e-con-full e-flex wpr-particle-no wpr-jarallax-no wpr-parallax-no wpr-sticky-section-no e-con e-parent\" data-id=\"7b7c58f\" data-element_type=\"container\" data-settings=\"{&quot;background_background&quot;:&quot;gradient&quot;,&quot;animation&quot;:&quot;none&quot;}\">\n\t\t<div class=\"elementor-element elementor-element-74d51cb e-flex e-con-boxed wpr-particle-no wpr-jarallax-no wpr-parallax-no wpr-sticky-section-no e-con e-child\" data-id=\"74d51cb\" data-element_type=\"container\">\n\t\t\t\t\t<div class=\"e-con-inner\">\n\t\t\t\t<div class=\"elementor-element elementor-element-e8bac6c elementor-widget-mobile__width-inherit elementor-widget-tablet__width-inherit elementor-widget elementor-widget-image\" data-id=\"e8bac6c\" data-element_type=\"widget\" data-settings=\"{&quot;_animation&quot;:&quot;none&quot;}\" data-widget_type=\"image.default\">\n\t\t\t\t<div class=\"elementor-widget-container\">\n\t\t\t\t\t\t\t\t\t\t\t\t\t\t\t<img fetchpriority=\"high\" decoding=\"async\" width=\"1448\" height=\"2048\" src=\"https:\/\/pastoracristianesouza.com.br\/wp-content\/uploads\/2024\/12\/Copia-de-Copia-de-Daizy-de-E-BOOK-JORNADA-DE-SABEDORIA-NO-LIVRO-DE-PROVERBIOS-PASTORA-CRISTIANE-SOUZA-1448x2048.png\" class=\"attachment-2048x2048 size-2048x2048 wp-image-137\" alt=\"\" srcset=\"https:\/\/pastoracristianesouza.com.br\/wp-content\/uploads\/2024\/12\/Copia-de-Copia-de-Daizy-de-E-BOOK-JORNADA-DE-SABEDORIA-NO-LIVRO-DE-PROVERBIOS-PASTORA-CRISTIANE-SOUZA-1448x2048.png 1448w, https:\/\/pastoracristianesouza.com.br\/wp-content\/uploads\/2024\/12\/Copia-de-Copia-de-Daizy-de-E-BOOK-JORNADA-DE-SABEDORIA-NO-LIVRO-DE-PROVERBIOS-PASTORA-CRISTIANE-SOUZA-600x849.png 600w, https:\/\/pastoracristianesouza.com.br\/wp-content\/uploads\/2024\/12\/Copia-de-Copia-de-Daizy-de-E-BOOK-JORNADA-DE-SABEDORIA-NO-LIVRO-DE-PROVERBIOS-PASTORA-CRISTIANE-SOUZA-212x300.png 212w, https:\/\/pastoracristianesouza.com.br\/wp-content\/uploads\/2024\/12\/Copia-de-Copia-de-Daizy-de-E-BOOK-JORNADA-DE-SABEDORIA-NO-LIVRO-DE-PROVERBIOS-PASTORA-CRISTIANE-SOUZA-724x1024.png 724w, https:\/\/pastoracristianesouza.com.br\/wp-content\/uploads\/2024\/12\/Copia-de-Copia-de-Daizy-de-E-BOOK-JORNADA-DE-SABEDORIA-NO-LIVRO-DE-PROVERBIOS-PASTORA-CRISTIANE-SOUZA-768x1086.png 768w, https:\/\/pastoracristianesouza.com.br\/wp-content\/uploads\/2024\/12\/Copia-de-Copia-de-Daizy-de-E-BOOK-JORNADA-DE-SABEDORIA-NO-LIVRO-DE-PROVERBIOS-PASTORA-CRISTIANE-SOUZA-1086x1536.png 1086w\" sizes=\"(max-width: 1448px) 100vw, 1448px\" \/>\t\t\t\t\t\t\t\t\t\t\t\t\t\t\t<\/div>\n\t\t\t\t<\/div>\n\t\t\t\t\t<\/div>\n\t\t\t\t<\/div>\n\t\t<div class=\"elementor-element elementor-element-94b2f37 e-flex e-con-boxed wpr-particle-no wpr-jarallax-no wpr-parallax-no wpr-sticky-section-no e-con e-child\" data-id=\"94b2f37\" data-element_type=\"container\">\n\t\t\t\t\t<div class=\"e-con-inner\">\n\t\t\t\t<div class=\"elementor-element elementor-element-150b8bb elementor-widget elementor-widget-text-editor\" data-id=\"150b8bb\" data-element_type=\"widget\" data-settings=\"{&quot;_animation&quot;:&quot;none&quot;}\" data-widget_type=\"text-editor.default\">\n\t\t\t\t<div class=\"elementor-widget-container\">\n\t\t\t\t\t\t\t\t\t<p>O livro Jornada de Sabedoria no Livro de Prov\u00e9rbios surgiu a partir da Mentoria Jornada de Sabedoria.<\/p><p>Essa Mentoria foi totalmente gratuita e impactou diversas vidas com estudos profundos e que abordaram a pr\u00e1tica di\u00e1ria de ensinamentos da Palavra de Deus.<\/p><p>Foram feitas 24 lives devocionais e adquirindo esse e-book voc\u00ea estar\u00e1 semeando e ajudando o livro f\u00edsico Jornada de Sabedoria no Livro de Prov\u00e9rbios a ser lan\u00e7ado.<\/p><p>Ent\u00e3o, se voc\u00ea quer ser edificado e aben\u00e7oar esse minist\u00e9rio esse e-book est\u00e1 dispon\u00edvel para voc\u00ea adquirir.<\/p><p>O e-book possui mais de 400 p\u00e1ginas e voc\u00ea tamb\u00e9m ter\u00e1 acesso para assistir as 24 lives que foram muito edificantes.<\/p><p><strong>Assista abaixo os depoimentos de pessoas que participaram da mentoria e adquiriram o e-book.<\/strong><\/p>\t\t\t\t\t\t\t\t<\/div>\n\t\t\t\t<\/div>\n\t\t\t\t\t<\/div>\n\t\t\t\t<\/div>\n\t\t\t\t<\/div>\n\t\t<div class=\"elementor-element elementor-element-71046f6 e-flex e-con-boxed wpr-particle-no wpr-jarallax-no wpr-parallax-no wpr-sticky-section-no elementor-invisible e-con e-parent\" data-id=\"71046f6\" data-element_type=\"container\" data-settings=\"{&quot;animation&quot;:&quot;fadeIn&quot;,&quot;background_background&quot;:&quot;gradient&quot;}\">\n\t\t\t\t\t<div class=\"e-con-inner\">\n\t\t\t\t<div class=\"elementor-element elementor-element-d297b1a elementor-align-center elementor-widget elementor-widget-button\" data-id=\"d297b1a\" data-element_type=\"widget\" data-settings=\"{&quot;_animation&quot;:&quot;none&quot;}\" data-widget_type=\"button.default\">\n\t\t\t\t<div class=\"elementor-widget-container\">\n\t\t\t\t\t\t\t\t\t<div class=\"elementor-button-wrapper\">\n\t\t\t\t\t<a class=\"elementor-button elementor-button-link elementor-size-sm elementor-animation-bounce-out\" href=\"https:\/\/pay.kiwify.com.br\/bTpydcc\" target=\"_blank\">\n\t\t\t\t\t\t<span class=\"elementor-button-content-wrapper\">\n\t\t\t\t\t\t\t\t\t<span class=\"elementor-button-text\">CLIQUE AQUI E ADQUIRA AGORA O SEU E-BOOK<\/span>\n\t\t\t\t\t<\/span>\n\t\t\t\t\t<\/a>\n\t\t\t\t<\/div>\n\t\t\t\t\t\t\t\t<\/div>\n\t\t\t\t<\/div>\n\t\t\t\t\t<\/div>\n\t\t\t\t<\/div>\n\t\t<div class=\"elementor-element elementor-element-73b1431 e-flex e-con-boxed wpr-particle-no wpr-jarallax-no wpr-parallax-no wpr-sticky-section-no e-con e-parent\" data-id=\"73b1431\" data-element_type=\"container\" data-settings=\"{&quot;animation&quot;:&quot;none&quot;,&quot;background_background&quot;:&quot;gradient&quot;}\">\n\t\t\t\t\t<div class=\"e-con-inner\">\n\t\t<div class=\"elementor-element elementor-element-a5a7e32 e-flex e-con-boxed wpr-particle-no wpr-jarallax-no wpr-parallax-no wpr-sticky-section-no elementor-invisible e-con e-child\" data-id=\"a5a7e32\" data-element_type=\"container\" data-settings=\"{&quot;background_background&quot;:&quot;gradient&quot;,&quot;animation&quot;:&quot;zoomIn&quot;}\">\n\t\t\t\t\t<div class=\"e-con-inner\">\n\t\t\t\t<div class=\"elementor-element elementor-element-0be6e09 elementor-widget__width-initial elementor-widget elementor-widget-video\" data-id=\"0be6e09\" data-element_type=\"widget\" data-settings=\"{&quot;video_type&quot;:&quot;hosted&quot;,&quot;controls&quot;:&quot;yes&quot;}\" data-widget_type=\"video.default\">\n\t\t\t\t<div class=\"elementor-widget-container\">\n\t\t\t\t\t\t\t<div class=\"e-hosted-video elementor-wrapper elementor-open-inline\">\n\t\t\t\t\t<video class=\"elementor-video\" src=\"https:\/\/pastoracristianesouza.com.br\/wp-content\/uploads\/2025\/01\/VN20241030_234923.mp4\" controls=\"\" preload=\"metadata\" controlsList=\"nodownload\" poster=\"https:\/\/pastoracristianesouza.com.br\/wp-content\/uploads\/2025\/01\/Story-instagram-culto-da-virada-religioso-moderno-em-marrom-e-bege-1-1.png\"><\/video>\n\t\t\t\t<\/div>\n\t\t\t\t\t\t<\/div>\n\t\t\t\t<\/div>\n\t\t\t\t<div class=\"elementor-element elementor-element-aec4891 elementor-widget__width-initial elementor-widget elementor-widget-video\" data-id=\"aec4891\" data-element_type=\"widget\" data-settings=\"{&quot;video_type&quot;:&quot;hosted&quot;,&quot;controls&quot;:&quot;yes&quot;}\" data-widget_type=\"video.default\">\n\t\t\t\t<div class=\"elementor-widget-container\">\n\t\t\t\t\t\t\t<div class=\"e-hosted-video elementor-wrapper elementor-open-inline\">\n\t\t\t\t\t<video class=\"elementor-video\" src=\"https:\/\/pastoracristianesouza.com.br\/wp-content\/uploads\/2025\/01\/VID-20241025-WA0004.mp4\" controls=\"\" preload=\"metadata\" controlsList=\"nodownload\" poster=\"https:\/\/pastoracristianesouza.com.br\/wp-content\/uploads\/2025\/01\/Story-instagram-culto-da-virada-religioso-moderno-em-marrom-e-bege-1-1.png\"><\/video>\n\t\t\t\t<\/div>\n\t\t\t\t\t\t<\/div>\n\t\t\t\t<\/div>\n\t\t\t\t<div class=\"elementor-element elementor-element-9c1264d elementor-widget__width-initial elementor-widget elementor-widget-video\" data-id=\"9c1264d\" data-element_type=\"widget\" data-settings=\"{&quot;video_type&quot;:&quot;hosted&quot;,&quot;controls&quot;:&quot;yes&quot;}\" data-widget_type=\"video.default\">\n\t\t\t\t<div class=\"elementor-widget-container\">\n\t\t\t\t\t\t\t<div class=\"e-hosted-video elementor-wrapper elementor-open-inline\">\n\t\t\t\t\t<video class=\"elementor-video\" src=\"https:\/\/pastoracristianesouza.com.br\/wp-content\/uploads\/2025\/01\/VID-20241025-WA0012.mp4\" controls=\"\" preload=\"metadata\" controlsList=\"nodownload\" poster=\"https:\/\/pastoracristianesouza.com.br\/wp-content\/uploads\/2025\/01\/Story-instagram-culto-da-virada-religioso-moderno-em-marrom-e-bege-1-1.png\"><\/video>\n\t\t\t\t<\/div>\n\t\t\t\t\t\t<\/div>\n\t\t\t\t<\/div>\n\t\t\t\t<div class=\"elementor-element elementor-element-2a38d2b elementor-widget__width-initial elementor-widget elementor-widget-video\" data-id=\"2a38d2b\" data-element_type=\"widget\" data-settings=\"{&quot;video_type&quot;:&quot;hosted&quot;,&quot;controls&quot;:&quot;yes&quot;}\" data-widget_type=\"video.default\">\n\t\t\t\t<div class=\"elementor-widget-container\">\n\t\t\t\t\t\t\t<div class=\"e-hosted-video elementor-wrapper elementor-open-inline\">\n\t\t\t\t\t<video class=\"elementor-video\" src=\"https:\/\/pastoracristianesouza.com.br\/wp-content\/uploads\/2025\/01\/Blink-10d42451-4d38-44f6-ba02-c03fe88b7228-Edited.mp4\" controls=\"\" preload=\"metadata\" controlsList=\"nodownload\" poster=\"https:\/\/pastoracristianesouza.com.br\/wp-content\/uploads\/2025\/01\/Story-instagram-culto-da-virada-religioso-moderno-em-marrom-e-bege-1-1.png\"><\/video>\n\t\t\t\t<\/div>\n\t\t\t\t\t\t<\/div>\n\t\t\t\t<\/div>\n\t\t\t\t\t<\/div>\n\t\t\t\t<\/div>\n\t\t\t\t\t<\/div>\n\t\t\t\t<\/div>\n\t\t<div class=\"elementor-element elementor-element-49000ff e-con-full e-flex wpr-particle-no wpr-jarallax-no wpr-parallax-no wpr-sticky-section-no e-con e-parent\" data-id=\"49000ff\" data-element_type=\"container\" data-settings=\"{&quot;background_background&quot;:&quot;gradient&quot;,&quot;animation&quot;:&quot;none&quot;}\">\n\t\t\t\t<div class=\"elementor-element elementor-element-5a18800 elementor-widget__width-initial elementor-invisible elementor-widget elementor-widget-heading\" data-id=\"5a18800\" data-element_type=\"widget\" data-settings=\"{&quot;_animation&quot;:&quot;fadeIn&quot;}\" data-widget_type=\"heading.default\">\n\t\t\t\t<div class=\"elementor-widget-container\">\n\t\t\t\t\t<h2 class=\"elementor-heading-title elementor-size-default\">Devocional: J\u00e1 falou com Deus hoje?<\/h2>\t\t\t\t<\/div>\n\t\t\t\t<\/div>\n\t\t<div class=\"elementor-element elementor-element-7746042 e-con-full e-flex wpr-particle-no wpr-jarallax-no wpr-parallax-no wpr-sticky-section-no e-con e-child\" data-id=\"7746042\" data-element_type=\"container\">\n\t\t\t\t<div class=\"elementor-element elementor-element-569bcdf elementor-invisible elementor-widget elementor-widget-image\" data-id=\"569bcdf\" data-element_type=\"widget\" data-settings=\"{&quot;_animation&quot;:&quot;fadeIn&quot;}\" data-widget_type=\"image.default\">\n\t\t\t\t<div class=\"elementor-widget-container\">\n\t\t\t\t\t\t\t\t\t\t\t\t\t\t\t<img decoding=\"async\" width=\"1250\" height=\"1250\" src=\"https:\/\/pastoracristianesouza.com.br\/wp-content\/uploads\/2024\/12\/14.png\" class=\"attachment-2048x2048 size-2048x2048 wp-image-302\" alt=\"\" srcset=\"https:\/\/pastoracristianesouza.com.br\/wp-content\/uploads\/2024\/12\/14.png 1250w, https:\/\/pastoracristianesouza.com.br\/wp-content\/uploads\/2024\/12\/14-300x300.png 300w, https:\/\/pastoracristianesouza.com.br\/wp-content\/uploads\/2024\/12\/14-100x100.png 100w, https:\/\/pastoracristianesouza.com.br\/wp-content\/uploads\/2024\/12\/14-600x600.png 600w, https:\/\/pastoracristianesouza.com.br\/wp-content\/uploads\/2024\/12\/14-1024x1024.png 1024w, https:\/\/pastoracristianesouza.com.br\/wp-content\/uploads\/2024\/12\/14-150x150.png 150w, https:\/\/pastoracristianesouza.com.br\/wp-content\/uploads\/2024\/12\/14-768x768.png 768w\" sizes=\"(max-width: 1250px) 100vw, 1250px\" \/>\t\t\t\t\t\t\t\t\t\t\t\t\t\t\t<\/div>\n\t\t\t\t<\/div>\n\t\t<div class=\"elementor-element elementor-element-bf50c4f e-con-full e-flex wpr-particle-no wpr-jarallax-no wpr-parallax-no wpr-sticky-section-no e-con e-child\" data-id=\"bf50c4f\" data-element_type=\"container\">\n\t\t\t\t<div class=\"elementor-element elementor-element-787003c elementor-invisible elementor-widget elementor-widget-text-editor\" data-id=\"787003c\" data-element_type=\"widget\" data-settings=\"{&quot;_animation&quot;:&quot;fadeIn&quot;}\" data-widget_type=\"text-editor.default\">\n\t\t\t\t<div class=\"elementor-widget-container\">\n\t\t\t\t\t\t\t\t\t<p>Esse material com 30 devocionais surgiu a partir das lives realizadas de segunda a sexta-feira no canal do Instagram: @pracristianesouza.<\/p><p>S\u00e3o 25 mensagens poderosas + 5 mensagens de b\u00f4nus em pdf, que geraram muitos testemunhos e aben\u00e7oam muitas vidas.<\/p><p>Mensagens que abordam temas como adora\u00e7\u00e3o, mudan\u00e7a de mentalidade, limites e muito mais e edificar\u00e3o a sua vida tamb\u00e9m.<\/p>\t\t\t\t\t\t\t\t<\/div>\n\t\t\t\t<\/div>\n\t\t\t\t<\/div>\n\t\t\t\t<\/div>\n\t\t\t\t<div class=\"elementor-element elementor-element-d03dd27 elementor-align-center elementor-invisible elementor-widget elementor-widget-button\" data-id=\"d03dd27\" data-element_type=\"widget\" data-settings=\"{&quot;_animation&quot;:&quot;fadeIn&quot;}\" data-widget_type=\"button.default\">\n\t\t\t\t<div class=\"elementor-widget-container\">\n\t\t\t\t\t\t\t\t\t<div class=\"elementor-button-wrapper\">\n\t\t\t\t\t<a class=\"elementor-button elementor-button-link elementor-size-sm elementor-animation-bounce-out\" href=\"https:\/\/pay.kiwify.com.br\/tZs7SXI\" target=\"_blank\">\n\t\t\t\t\t\t<span class=\"elementor-button-content-wrapper\">\n\t\t\t\t\t\t\t\t\t<span class=\"elementor-button-text\">CLIQUE AQUI E ADQUIRA AGORA O SEU DEVOCIONAL<\/span>\n\t\t\t\t\t<\/span>\n\t\t\t\t\t<\/a>\n\t\t\t\t<\/div>\n\t\t\t\t\t\t\t\t<\/div>\n\t\t\t\t<\/div>\n\t\t\t\t<\/div>\n\t\t\t\t<\/div>\n\t\t","protected":false},"excerpt":{"rendered":"<p>Jornada de Sabedoria no Livro de Prov\u00e9rbios O livro Jornada de Sabedoria no Livro de Prov\u00e9rbios surgiu a partir da Mentoria Jornada de Sabedoria. Essa Mentoria foi totalmente gratuita e impactou diversas vidas com estudos profundos e que abordaram a pr\u00e1tica di\u00e1ria de ensinamentos da Palavra de Deus. Foram feitas 24 lives devocionais e adquirindo esse e-book voc\u00ea estar\u00e1 semeando e ajudando o livro f\u00edsico Jornada de Sabedoria no Livro de Prov\u00e9rbios a ser lan\u00e7ado. Ent\u00e3o, se voc\u00ea quer ser edificado e aben\u00e7oar esse minist\u00e9rio esse e-book est\u00e1 dispon\u00edvel para voc\u00ea adquirir. O e-book possui mais de 400 p\u00e1ginas e voc\u00ea tamb\u00e9m ter\u00e1 acesso para assistir as 24 lives que foram muito edificantes. Assista abaixo os depoimentos de pessoas que participaram da mentoria e adquiriram o e-book. CLIQUE AQUI E ADQUIRA AGORA O SEU E-BOOK https:\/\/pastoracristianesouza.com.br\/wp-content\/uploads\/2025\/01\/VN20241030_234923.mp4https:\/\/pastoracristianesouza.com.br\/wp-content\/uploads\/2025\/01\/VID-20241025-WA0004.mp4https:\/\/pastoracristianesouza.com.br\/wp-content\/uploads\/2025\/01\/VID-20241025-WA0012.mp4https:\/\/pastoracristianesouza.com.br\/wp-content\/uploads\/2025\/01\/Blink-10d42451-4d38-44f6-ba02-c03fe88b7228-Edited.mp4 Devocional: J\u00e1 falou com Deus hoje? Esse material com 30 devocionais surgiu a partir das lives realizadas de segunda a sexta-feira no canal do Instagram: @pracristianesouza. S\u00e3o 25 mensagens poderosas + 5 mensagens de b\u00f4nus em pdf, que geraram muitos testemunhos e aben\u00e7oam muitas vidas. Mensagens que abordam temas como adora\u00e7\u00e3o, mudan\u00e7a de mentalidade, limites e muito mais e edificar\u00e3o a sua vida tamb\u00e9m. CLIQUE AQUI E ADQUIRA AGORA O SEU DEVOCIONAL<\/p>\n","protected":false},"author":1,"featured_media":0,"parent":0,"menu_order":0,"comment_status":"closed","ping_status":"closed","template":"elementor_header_footer","meta":{"site-sidebar-layout":"default","site-content-layout":"","ast-site-content-layout":"","site-content-style":"default","site-sidebar-style":"default","ast-global-header-display":"","ast-banner-title-visibility":"","ast-main-header-display":"","ast-hfb-above-header-display":"","ast-hfb-below-header-display":"","ast-hfb-mobile-header-display":"","site-post-title":"","ast-breadcrumbs-content":"","ast-featured-img":"","footer-sml-layout":"","theme-transparent-header-meta":"","adv-header-id-meta":"","stick-header-meta":"","header-above-stick-meta":"","header-main-stick-meta":"","header-below-stick-meta":"","astra-migrate-meta-layouts":"default","ast-page-background-enabled":"default","ast-page-background-meta":{"desktop":{"background-color":"var(--ast-global-color-4)","background-image":"","background-repeat":"repeat","background-position":"center center","background-size":"auto","background-attachment":"scroll","background-type":"","background-media":"","overlay-type":"","overlay-color":"","overlay-opacity":"","overlay-gradient":""},"tablet":{"background-color":"","background-image":"","background-repeat":"repeat","background-position":"center center","background-size":"auto","background-attachment":"scroll","background-type":"","background-media":"","overlay-type":"","overlay-color":"","overlay-opacity":"","overlay-gradient":""},"mobile":{"background-color":"","background-image":"","background-repeat":"repeat","background-position":"center center","background-size":"auto","background-attachment":"scroll","background-type":"","background-media":"","overlay-type":"","overlay-color":"","overlay-opacity":"","overlay-gradient":""}},"ast-content-background-meta":{"desktop":{"background-color":"var(--ast-global-color-5)","background-image":"","background-repeat":"repeat","background-position":"center center","background-size":"auto","background-attachment":"scroll","background-type":"","background-media":"","overlay-type":"","overlay-color":"","overlay-opacity":"","overlay-gradient":""},"tablet":{"background-color":"var(--ast-global-color-5)","background-image":"","background-repeat":"repeat","background-position":"center center","background-size":"auto","background-attachment":"scroll","background-type":"","background-media":"","overlay-type":"","overlay-color":"","overlay-opacity":"","overlay-gradient":""},"mobile":{"background-color":"var(--ast-global-color-5)","background-image":"","background-repeat":"repeat","background-position":"center center","background-size":"auto","background-attachment":"scroll","background-type":"","background-media":"","overlay-type":"","overlay-color":"","overlay-opacity":"","overlay-gradient":""}},"footnotes":""},"class_list":["post-35","page","type-page","status-publish","hentry"],"_links":{"self":[{"href":"https:\/\/pastoracristianesouza.com.br\/index.php?rest_route=\/wp\/v2\/pages\/35","targetHints":{"allow":["GET"]}}],"collection":[{"href":"https:\/\/pastoracristianesouza.com.br\/index.php?rest_route=\/wp\/v2\/pages"}],"about":[{"href":"https:\/\/pastoracristianesouza.com.br\/index.php?rest_route=\/wp\/v2\/types\/page"}],"author":[{"embeddable":true,"href":"https:\/\/pastoracristianesouza.com.br\/index.php?rest_route=\/wp\/v2\/users\/1"}],"replies":[{"embeddable":true,"href":"https:\/\/pastoracristianesouza.com.br\/index.php?rest_route=%2Fwp%2Fv2%2Fcomments&post=35"}],"version-history":[{"count":124,"href":"https:\/\/pastoracristianesouza.com.br\/index.php?rest_route=\/wp\/v2\/pages\/35\/revisions"}],"predecessor-version":[{"id":2188,"href":"https:\/\/pastoracristianesouza.com.br\/index.php?rest_route=\/wp\/v2\/pages\/35\/revisions\/2188"}],"wp:attachment":[{"href":"https:\/\/pastoracristianesouza.com.br\/index.php?rest_route=%2Fwp%2Fv2%2Fmedia&parent=35"}],"curies":[{"name":"wp","href":"https:\/\/api.w.org\/{rel}","templated":true}]}}