{"id":473,"date":"2025-01-13T09:52:53","date_gmt":"2025-01-13T12:52:53","guid":{"rendered":"https:\/\/pastoracristianesouza.com.br\/?page_id=473"},"modified":"2026-03-17T14:47:54","modified_gmt":"2026-03-17T17:47:54","slug":"carrinho","status":"publish","type":"page","link":"https:\/\/pastoracristianesouza.com.br\/?page_id=473","title":{"rendered":"carrinho"},"content":{"rendered":"\t\t<div data-elementor-type=\"wp-page\" data-elementor-id=\"473\" class=\"elementor elementor-473\" data-elementor-post-type=\"page\">\n\t\t\t\t<div class=\"elementor-element elementor-element-65cbbb200 e-con-full e-flex wpr-particle-no wpr-jarallax-no wpr-parallax-no wpr-sticky-section-no e-con e-parent\" data-id=\"65cbbb200\" data-element_type=\"container\" data-settings=\"{&quot;background_background&quot;:&quot;gradient&quot;}\">\n\t\t<div class=\"elementor-element elementor-element-32d9522 e-con-full e-flex wpr-particle-no wpr-jarallax-no wpr-parallax-no wpr-sticky-section-no e-con e-child\" data-id=\"32d9522\" data-element_type=\"container\">\n\t\t\t\t<div class=\"elementor-element elementor-element-04368aa elementor-widget elementor-widget-image\" data-id=\"04368aa\" data-element_type=\"widget\" data-widget_type=\"image.default\">\n\t\t\t\t<div class=\"elementor-widget-container\">\n\t\t\t\t\t\t\t\t\t\t\t\t\t\t\t<img decoding=\"async\" width=\"150\" height=\"150\" src=\"https:\/\/pastoracristianesouza.com.br\/wp-content\/uploads\/2024\/12\/LOGOMARCA-1-150x150.png\" class=\"attachment-thumbnail size-thumbnail wp-image-253\" alt=\"\" srcset=\"https:\/\/pastoracristianesouza.com.br\/wp-content\/uploads\/2024\/12\/LOGOMARCA-1-150x150.png 150w, https:\/\/pastoracristianesouza.com.br\/wp-content\/uploads\/2024\/12\/LOGOMARCA-1-300x300.png 300w, https:\/\/pastoracristianesouza.com.br\/wp-content\/uploads\/2024\/12\/LOGOMARCA-1-100x100.png 100w, https:\/\/pastoracristianesouza.com.br\/wp-content\/uploads\/2024\/12\/elementor\/thumbs\/LOGOMARCA-1-qyquc0cvfn7hl845onztyj5cpij3zzysq3vjbdjyb4.png 600w, https:\/\/pastoracristianesouza.com.br\/wp-content\/uploads\/2024\/12\/LOGOMARCA-1-1024x1024.png 1024w, https:\/\/pastoracristianesouza.com.br\/wp-content\/uploads\/2024\/12\/LOGOMARCA-1-768x768.png 768w, https:\/\/pastoracristianesouza.com.br\/wp-content\/uploads\/2024\/12\/LOGOMARCA-1-1536x1536.png 1536w, https:\/\/pastoracristianesouza.com.br\/wp-content\/uploads\/2024\/12\/elementor\/thumbs\/LOGOMARCA-1-qyquc0d0b2d818r3cbgieuisuvdmn0to9a87wzgufk.png 1000w, https:\/\/pastoracristianesouza.com.br\/wp-content\/uploads\/2024\/12\/elementor\/thumbs\/LOGOMARCA-1-qyquc0cwnhzx789w3kv02lzpquqqnr6ilwgpgs16c8.png 700w, https:\/\/pastoracristianesouza.com.br\/wp-content\/uploads\/2024\/12\/elementor\/thumbs\/LOGOMARCA-1-qyquc0cu7sf1z7yf9r4nugazo6bhc8r2ubad5z2qa0.png 500w, https:\/\/pastoracristianesouza.com.br\/wp-content\/uploads\/2024\/12\/elementor\/thumbs\/LOGOMARCA-1-qyquc0cutpt9s81ah7k8whq66ufao4cxs7ky8obcak.png 550w, https:\/\/pastoracristianesouza.com.br\/wp-content\/uploads\/2024\/12\/LOGOMARCA-1.png 1563w\" sizes=\"(max-width: 150px) 100vw, 150px\" \/>\t\t\t\t\t\t\t\t\t\t\t\t\t\t\t<\/div>\n\t\t\t\t<\/div>\n\t\t\t\t<\/div>\n\t\t\t\t<div class=\"elementor-element elementor-element-6c52faf2 elementor-widget elementor-widget-heading\" data-id=\"6c52faf2\" data-element_type=\"widget\" data-widget_type=\"heading.default\">\n\t\t\t\t<div class=\"elementor-widget-container\">\n\t\t\t\t\t<h2 class=\"elementor-heading-title elementor-size-default\">Carrinho<\/h2>\t\t\t\t<\/div>\n\t\t\t\t<\/div>\n\t\t\t\t<div class=\"elementor-element elementor-element-6c992900 wpr-cart-horizontal wpr-checkout-flex-justify elementor-widget elementor-widget-wpr-page-cart\" data-id=\"6c992900\" data-element_type=\"widget\" data-widget_type=\"wpr-page-cart.default\">\n\t\t\t\t<div class=\"elementor-widget-container\">\n\t\t\t\t\t<div class=\"woocommerce\"><div class=\"woocommerce-notices-wrapper\"><\/div><div class=\"wc-empty-cart-message\">\n\t<div class=\"cart-empty woocommerce-info\">\n\t\tSeu carrinho est\u00e1 vazio.\t<\/div>\n<\/div><\/div>\t\t\t\t<\/div>\n\t\t\t\t<\/div>\n\t\t\t\t<\/div>\n\t\t\t\t<\/div>\n\t\t","protected":false},"excerpt":{"rendered":"<p>Carrinho &nbsp; Produto &nbsp; Pre\u00e7o Quantidade Subtotal Caneca Shalom &#82;&#36;50.00 Caneca Shalom quantidade &#82;&#36;100.00 Caderno A5 &#82;&#36;90.00 Caderno A5 quantidade &#82;&#36;90.00 Atualizar Valor do Carrinho Valor Total do Carrinho Subtotal &#82;&#36;190.00 Entrega Retirar na Igreja &#8211; IBR Butant\u00e3 Envio para o Estado de S\u00e3o Paulo &#8211; \u00e0 combinar Entrega para S\u00e3o Paulo. Mudar endere\u00e7o Country \/ region Selecione um pa\u00eds&hellip;Brasil Estado Selecione uma op\u00e7\u00e3o&hellip;AcreAlagoasAmap\u00e1AmazonasBahiaCear\u00e1Distrito FederalEsp\u00edrito SantoGoi\u00e1sMaranh\u00e3oMato GrossoMato Grosso do SulMinas GeraisPar\u00e1Para\u00edbaParan\u00e1PernambucoPiau\u00edRio de JaneiroRio Grande do NorteRio Grande do SulRond\u00f4niaRoraimaSanta CatarinaS\u00e3o PauloSergipeTocantins Cidade: C\u00f3digo postal \/ CEP: Atualiza\u00e7\u00e3o Total &#82;&#36;190.00 Aceitamos Pix e Cart\u00e3o de cr\u00e9dito: \u00e0 vista ou parcelado! Obrigada pela escolha, clique no bot\u00e3o abaixo para finalizar a sua compra! Concluir pedido via WhatsApp<\/p>\n","protected":false},"author":1,"featured_media":0,"parent":0,"menu_order":0,"comment_status":"closed","ping_status":"closed","template":"elementor_header_footer","meta":{"site-sidebar-layout":"default","site-content-layout":"","ast-site-content-layout":"","site-content-style":"default","site-sidebar-style":"default","ast-global-header-display":"","ast-banner-title-visibility":"","ast-main-header-display":"","ast-hfb-above-header-display":"","ast-hfb-below-header-display":"","ast-hfb-mobile-header-display":"","site-post-title":"","ast-breadcrumbs-content":"","ast-featured-img":"","footer-sml-layout":"","theme-transparent-header-meta":"","adv-header-id-meta":"","stick-header-meta":"","header-above-stick-meta":"","header-main-stick-meta":"","header-below-stick-meta":"","astra-migrate-meta-layouts":"default","ast-page-background-enabled":"default","ast-page-background-meta":{"desktop":{"background-color":"var(--ast-global-color-4)","background-image":"","background-repeat":"repeat","background-position":"center center","background-size":"auto","background-attachment":"scroll","background-type":"","background-media":"","overlay-type":"","overlay-color":"","overlay-opacity":"","overlay-gradient":""},"tablet":{"background-color":"","background-image":"","background-repeat":"repeat","background-position":"center center","background-size":"auto","background-attachment":"scroll","background-type":"","background-media":"","overlay-type":"","overlay-color":"","overlay-opacity":"","overlay-gradient":""},"mobile":{"background-color":"","background-image":"","background-repeat":"repeat","background-position":"center center","background-size":"auto","background-attachment":"scroll","background-type":"","background-media":"","overlay-type":"","overlay-color":"","overlay-opacity":"","overlay-gradient":""}},"ast-content-background-meta":{"desktop":{"background-color":"var(--ast-global-color-5)","background-image":"","background-repeat":"repeat","background-position":"center center","background-size":"auto","background-attachment":"scroll","background-type":"","background-media":"","overlay-type":"","overlay-color":"","overlay-opacity":"","overlay-gradient":""},"tablet":{"background-color":"var(--ast-global-color-5)","background-image":"","background-repeat":"repeat","background-position":"center center","background-size":"auto","background-attachment":"scroll","background-type":"","background-media":"","overlay-type":"","overlay-color":"","overlay-opacity":"","overlay-gradient":""},"mobile":{"background-color":"var(--ast-global-color-5)","background-image":"","background-repeat":"repeat","background-position":"center center","background-size":"auto","background-attachment":"scroll","background-type":"","background-media":"","overlay-type":"","overlay-color":"","overlay-opacity":"","overlay-gradient":""}},"footnotes":""},"class_list":["post-473","page","type-page","status-publish","hentry"],"_links":{"self":[{"href":"https:\/\/pastoracristianesouza.com.br\/index.php?rest_route=\/wp\/v2\/pages\/473","targetHints":{"allow":["GET"]}}],"collection":[{"href":"https:\/\/pastoracristianesouza.com.br\/index.php?rest_route=\/wp\/v2\/pages"}],"about":[{"href":"https:\/\/pastoracristianesouza.com.br\/index.php?rest_route=\/wp\/v2\/types\/page"}],"author":[{"embeddable":true,"href":"https:\/\/pastoracristianesouza.com.br\/index.php?rest_route=\/wp\/v2\/users\/1"}],"replies":[{"embeddable":true,"href":"https:\/\/pastoracristianesouza.com.br\/index.php?rest_route=%2Fwp%2Fv2%2Fcomments&post=473"}],"version-history":[{"count":85,"href":"https:\/\/pastoracristianesouza.com.br\/index.php?rest_route=\/wp\/v2\/pages\/473\/revisions"}],"predecessor-version":[{"id":2122,"href":"https:\/\/pastoracristianesouza.com.br\/index.php?rest_route=\/wp\/v2\/pages\/473\/revisions\/2122"}],"wp:attachment":[{"href":"https:\/\/pastoracristianesouza.com.br\/index.php?rest_route=%2Fwp%2Fv2%2Fmedia&parent=473"}],"curies":[{"name":"wp","href":"https:\/\/api.w.org\/{rel}","templated":true}]}}