{"id":1993,"date":"2025-08-12T07:40:21","date_gmt":"2025-08-12T10:40:21","guid":{"rendered":"https:\/\/pastoracristianesouza.com.br\/?post_type=product&#038;p=1993"},"modified":"2025-08-12T07:44:27","modified_gmt":"2025-08-12T10:44:27","slug":"livro-jornada-de-sabedoria-livro-fisico","status":"publish","type":"product","link":"https:\/\/pastoracristianesouza.com.br\/?product=livro-jornada-de-sabedoria-livro-fisico","title":{"rendered":"LIVRO JORNADA DE SABEDORIA (LIVRO F\u00cdSICO)"},"content":{"rendered":"<p><img fetchpriority=\"high\" decoding=\"async\" class=\"alignnone size-medium wp-image-1994\" src=\"https:\/\/pastoracristianesouza.com.br\/wp-content\/uploads\/2025\/08\/LIVRO-LOJA-225x300.jpg\" alt=\"\" width=\"225\" height=\"300\" srcset=\"https:\/\/pastoracristianesouza.com.br\/wp-content\/uploads\/2025\/08\/LIVRO-LOJA-225x300.jpg 225w, https:\/\/pastoracristianesouza.com.br\/wp-content\/uploads\/2025\/08\/LIVRO-LOJA-768x1024.jpg 768w, https:\/\/pastoracristianesouza.com.br\/wp-content\/uploads\/2025\/08\/LIVRO-LOJA-1152x1536.jpg 1152w, https:\/\/pastoracristianesouza.com.br\/wp-content\/uploads\/2025\/08\/LIVRO-LOJA-1536x2048.jpg 1536w, https:\/\/pastoracristianesouza.com.br\/wp-content\/uploads\/2025\/08\/LIVRO-LOJA-600x800.jpg 600w, https:\/\/pastoracristianesouza.com.br\/wp-content\/uploads\/2025\/08\/LIVRO-LOJA-rotated.jpg 1728w\" sizes=\"(max-width: 225px) 100vw, 225px\" \/><\/p>\n","protected":false},"excerpt":{"rendered":"<p>ANTES DE FINALIZAR A COMPRA VERIFIQUE O VALOR DO FRETE OU SE VAI RETIRAR NA IBR BUTANT\u00c3, SE DESEJA ADQUIRIR MAIS DE 10 EXEMPLARES DE UMA S\u00d3 VEZ VERIFIQUE AS CONDI\u00c7\u00d5ES PROMOCIONAIS.<\/p>\n","protected":false},"featured_media":1994,"template":"","meta":{"site-sidebar-layout":"default","site-content-layout":"","ast-site-content-layout":"default","site-content-style":"default","site-sidebar-style":"default","ast-global-header-display":"","ast-banner-title-visibility":"","ast-main-header-display":"","ast-hfb-above-header-display":"","ast-hfb-below-header-display":"","ast-hfb-mobile-header-display":"","site-post-title":"","ast-breadcrumbs-content":"","ast-featured-img":"","footer-sml-layout":"","theme-transparent-header-meta":"default","adv-header-id-meta":"","stick-header-meta":"","header-above-stick-meta":"","header-main-stick-meta":"","header-below-stick-meta":"","astra-migrate-meta-layouts":"set","ast-page-background-enabled":"default","ast-page-background-meta":{"desktop":{"background-color":"var(--ast-global-color-4)","background-image":"","background-repeat":"repeat","background-position":"center center","background-size":"auto","background-attachment":"scroll","background-type":"","background-media":"","overlay-type":"","overlay-color":"","overlay-opacity":"","overlay-gradient":""},"tablet":{"background-color":"","background-image":"","background-repeat":"repeat","background-position":"center center","background-size":"auto","background-attachment":"scroll","background-type":"","background-media":"","overlay-type":"","overlay-color":"","overlay-opacity":"","overlay-gradient":""},"mobile":{"background-color":"","background-image":"","background-repeat":"repeat","background-position":"center center","background-size":"auto","background-attachment":"scroll","background-type":"","background-media":"","overlay-type":"","overlay-color":"","overlay-opacity":"","overlay-gradient":""}},"ast-content-background-meta":{"desktop":{"background-color":"var(--ast-global-color-5)","background-image":"","background-repeat":"repeat","background-position":"center center","background-size":"auto","background-attachment":"scroll","background-type":"","background-media":"","overlay-type":"","overlay-color":"","overlay-opacity":"","overlay-gradient":""},"tablet":{"background-color":"var(--ast-global-color-5)","background-image":"","background-repeat":"repeat","background-position":"center center","background-size":"auto","background-attachment":"scroll","background-type":"","background-media":"","overlay-type":"","overlay-color":"","overlay-opacity":"","overlay-gradient":""},"mobile":{"background-color":"var(--ast-global-color-5)","background-image":"","background-repeat":"repeat","background-position":"center center","background-size":"auto","background-attachment":"scroll","background-type":"","background-media":"","overlay-type":"","overlay-color":"","overlay-opacity":"","overlay-gradient":""}}},"product_brand":[],"product_cat":[21],"product_tag":[],"class_list":{"0":"post-1993","1":"product","2":"type-product","3":"status-publish","4":"has-post-thumbnail","6":"product_cat-todos_os_produtos","7":"desktop-align-left","8":"tablet-align-left","9":"mobile-align-left","11":"first","12":"instock","13":"featured","14":"taxable","15":"shipping-taxable","16":"purchasable","17":"product-type-simple"},"_links":{"self":[{"href":"https:\/\/pastoracristianesouza.com.br\/index.php?rest_route=\/wp\/v2\/product\/1993","targetHints":{"allow":["GET"]}}],"collection":[{"href":"https:\/\/pastoracristianesouza.com.br\/index.php?rest_route=\/wp\/v2\/product"}],"about":[{"href":"https:\/\/pastoracristianesouza.com.br\/index.php?rest_route=\/wp\/v2\/types\/product"}],"wp:featuredmedia":[{"embeddable":true,"href":"https:\/\/pastoracristianesouza.com.br\/index.php?rest_route=\/wp\/v2\/media\/1994"}],"wp:attachment":[{"href":"https:\/\/pastoracristianesouza.com.br\/index.php?rest_route=%2Fwp%2Fv2%2Fmedia&parent=1993"}],"wp:term":[{"taxonomy":"product_brand","embeddable":true,"href":"https:\/\/pastoracristianesouza.com.br\/index.php?rest_route=%2Fwp%2Fv2%2Fproduct_brand&post=1993"},{"taxonomy":"product_cat","embeddable":true,"href":"https:\/\/pastoracristianesouza.com.br\/index.php?rest_route=%2Fwp%2Fv2%2Fproduct_cat&post=1993"},{"taxonomy":"product_tag","embeddable":true,"href":"https:\/\/pastoracristianesouza.com.br\/index.php?rest_route=%2Fwp%2Fv2%2Fproduct_tag&post=1993"}],"curies":[{"name":"wp","href":"https:\/\/api.w.org\/{rel}","templated":true}]}}