{"id":463,"date":"2025-01-12T17:43:36","date_gmt":"2025-01-12T20:43:36","guid":{"rendered":"https:\/\/pastoracristianesouza.com.br\/?post_type=product&#038;p=463"},"modified":"2025-01-24T15:12:55","modified_gmt":"2025-01-24T18:12:55","slug":"caneca-shalom","status":"publish","type":"product","link":"https:\/\/pastoracristianesouza.com.br\/?product=caneca-shalom","title":{"rendered":"Caneca Shalom"},"content":{"rendered":"<p>Voc\u00ea pode escolher outras cores para esse produto na finaliza\u00e7\u00e3o da compra.<\/p>\n<p><strong>Esse produto pode ser personalizado. <span style=\"font-size: 16px;\">Ao ser direcionado para finalizar sua compra voc\u00ea poder\u00e1 informar qual personaliza\u00e7\u00e3o deseja.<\/span><\/strong><\/p>\n","protected":false},"excerpt":{"rendered":"<p>Voc\u00ea pode escolher outras cores para esse produto na finaliza\u00e7\u00e3o da compra. Esse produto pode ser personalizado. Ao ser direcionado para finalizar sua compra voc\u00ea poder\u00e1 informar qual personaliza\u00e7\u00e3o deseja.<\/p>\n","protected":false},"featured_media":1136,"template":"","meta":{"site-sidebar-layout":"default","site-content-layout":"","ast-site-content-layout":"default","site-content-style":"default","site-sidebar-style":"default","ast-global-header-display":"","ast-banner-title-visibility":"","ast-main-header-display":"","ast-hfb-above-header-display":"","ast-hfb-below-header-display":"","ast-hfb-mobile-header-display":"","site-post-title":"","ast-breadcrumbs-content":"","ast-featured-img":"","footer-sml-layout":"","theme-transparent-header-meta":"default","adv-header-id-meta":"","stick-header-meta":"","header-above-stick-meta":"","header-main-stick-meta":"","header-below-stick-meta":"","astra-migrate-meta-layouts":"set","ast-page-background-enabled":"default","ast-page-background-meta":{"desktop":{"background-color":"var(--ast-global-color-4)","background-image":"","background-repeat":"repeat","background-position":"center center","background-size":"auto","background-attachment":"scroll","background-type":"","background-media":"","overlay-type":"","overlay-color":"","overlay-opacity":"","overlay-gradient":""},"tablet":{"background-color":"","background-image":"","background-repeat":"repeat","background-position":"center center","background-size":"auto","background-attachment":"scroll","background-type":"","background-media":"","overlay-type":"","overlay-color":"","overlay-opacity":"","overlay-gradient":""},"mobile":{"background-color":"","background-image":"","background-repeat":"repeat","background-position":"center center","background-size":"auto","background-attachment":"scroll","background-type":"","background-media":"","overlay-type":"","overlay-color":"","overlay-opacity":"","overlay-gradient":""}},"ast-content-background-meta":{"desktop":{"background-color":"var(--ast-global-color-5)","background-image":"","background-repeat":"repeat","background-position":"center center","background-size":"auto","background-attachment":"scroll","background-type":"","background-media":"","overlay-type":"","overlay-color":"","overlay-opacity":"","overlay-gradient":""},"tablet":{"background-color":"var(--ast-global-color-5)","background-image":"","background-repeat":"repeat","background-position":"center center","background-size":"auto","background-attachment":"scroll","background-type":"","background-media":"","overlay-type":"","overlay-color":"","overlay-opacity":"","overlay-gradient":""},"mobile":{"background-color":"var(--ast-global-color-5)","background-image":"","background-repeat":"repeat","background-position":"center center","background-size":"auto","background-attachment":"scroll","background-type":"","background-media":"","overlay-type":"","overlay-color":"","overlay-opacity":"","overlay-gradient":""}}},"product_brand":[],"product_cat":[21],"product_tag":[],"class_list":{"0":"post-463","1":"product","2":"type-product","3":"status-publish","4":"has-post-thumbnail","6":"product_cat-todos_os_produtos","7":"desktop-align-left","8":"tablet-align-left","9":"mobile-align-left","11":"first","12":"instock","13":"featured","14":"taxable","15":"shipping-taxable","16":"purchasable","17":"product-type-simple"},"_links":{"self":[{"href":"https:\/\/pastoracristianesouza.com.br\/index.php?rest_route=\/wp\/v2\/product\/463","targetHints":{"allow":["GET"]}}],"collection":[{"href":"https:\/\/pastoracristianesouza.com.br\/index.php?rest_route=\/wp\/v2\/product"}],"about":[{"href":"https:\/\/pastoracristianesouza.com.br\/index.php?rest_route=\/wp\/v2\/types\/product"}],"wp:featuredmedia":[{"embeddable":true,"href":"https:\/\/pastoracristianesouza.com.br\/index.php?rest_route=\/wp\/v2\/media\/1136"}],"wp:attachment":[{"href":"https:\/\/pastoracristianesouza.com.br\/index.php?rest_route=%2Fwp%2Fv2%2Fmedia&parent=463"}],"wp:term":[{"taxonomy":"product_brand","embeddable":true,"href":"https:\/\/pastoracristianesouza.com.br\/index.php?rest_route=%2Fwp%2Fv2%2Fproduct_brand&post=463"},{"taxonomy":"product_cat","embeddable":true,"href":"https:\/\/pastoracristianesouza.com.br\/index.php?rest_route=%2Fwp%2Fv2%2Fproduct_cat&post=463"},{"taxonomy":"product_tag","embeddable":true,"href":"https:\/\/pastoracristianesouza.com.br\/index.php?rest_route=%2Fwp%2Fv2%2Fproduct_tag&post=463"}],"curies":[{"name":"wp","href":"https:\/\/api.w.org\/{rel}","templated":true}]}}